{"id":84,"date":"2023-09-20T20:41:20","date_gmt":"2023-09-20T20:41:20","guid":{"rendered":"http:\/\/rot-weiss-kollbachtal.bayern\/?page_id=84"},"modified":"2023-11-01T13:42:17","modified_gmt":"2023-11-01T13:42:17","slug":"impressum","status":"publish","type":"page","link":"https:\/\/rot-weiss-kollbachtal.bayern\/?page_id=84","title":{"rendered":"Impressum"},"content":{"rendered":"\n<h1 class=\"wp-block-heading\"><\/h1>\n\n\n\n<p>Rot-Weiss-Kollbachtal e. V.<br>Embachsiedlung 19<br>84333 Malgersdorf<br>Internet: \u00a0www.rot-weiss-kollbachtal.bayern<br>Registergericht Landshut<br>Vereinsregisternummer VR 200815<br><br>Vertretungsberechtigter Vorstand<br>Christian Regirt (1. Vorsitzender)<br>Embachsiedlung 19<br>84333 Malgersdorf<br> \u00a0<br><br>Inhaltlich Verantwortlicher gem\u00e4\u00df \u00a7 6 MDStV: Christian Regirt (1. Vorsitzender)<br>Haftungshinweis:<br>Trotz sorgf\u00e4ltiger inhaltlicher Kontrolle \u00fcbernehmen wir keine Haftung f\u00fcr die Inhalte externer Links.<br>F\u00fcr den Inhalt der verlinkten Seiten sind ausschlie\u00dflich deren Betreiber verantwortlich.<br>Der Rot-Weiss-Kollbachtal e. V. \u00fcbernimmt keine Gew\u00e4hr f\u00fcr die Richtigkeit, Vollst\u00e4ndigkeit und Qualit\u00e4t der Informationen auf diesen Seiten.<\/p>\n","protected":false},"excerpt":{"rendered":"<p>Rot-Weiss-Kollbachtal e. V.Embachsiedlung 1984333 MalgersdorfInternet: \u00a0www.rot-weiss-kollbachtal.bayernRegistergericht LandshutVereinsregisternummer VR 200815 Vertretungsberechtigter VorstandChristian Regirt (1. Vorsitzender)Embachsiedlung 1984333 Malgersdorf \u00a0 Inhaltlich Verantwortlicher gem\u00e4\u00df \u00a7 6 MDStV: Christian Regirt (1. Vorsitzender)Haftungshinweis:Trotz sorgf\u00e4ltiger inhaltlicher Kontrolle [&hellip;]<\/p>\n","protected":false},"author":1,"featured_media":0,"parent":0,"menu_order":0,"comment_status":"closed","ping_status":"closed","template":"","meta":{"site-sidebar-layout":"default","site-content-layout":"","ast-site-content-layout":"default","site-content-style":"default","site-sidebar-style":"default","ast-global-header-display":"","ast-banner-title-visibility":"","ast-main-header-display":"","ast-hfb-above-header-display":"","ast-hfb-below-header-display":"","ast-hfb-mobile-header-display":"","site-post-title":"","ast-breadcrumbs-content":"","ast-featured-img":"","footer-sml-layout":"","ast-disable-related-posts":"","theme-transparent-header-meta":"","adv-header-id-meta":"","stick-header-meta":"","header-above-stick-meta":"","header-main-stick-meta":"","header-below-stick-meta":"","astra-migrate-meta-layouts":"default","ast-page-background-enabled":"default","ast-page-background-meta":{"desktop":{"background-color":"var(--ast-global-color-4)","background-image":"","background-repeat":"repeat","background-position":"center center","background-size":"auto","background-attachment":"scroll","background-type":"","background-media":"","overlay-type":"","overlay-color":"","overlay-opacity":"","overlay-gradient":""},"tablet":{"background-color":"","background-image":"","background-repeat":"repeat","background-position":"center center","background-size":"auto","background-attachment":"scroll","background-type":"","background-media":"","overlay-type":"","overlay-color":"","overlay-opacity":"","overlay-gradient":""},"mobile":{"background-color":"","background-image":"","background-repeat":"repeat","background-position":"center center","background-size":"auto","background-attachment":"scroll","background-type":"","background-media":"","overlay-type":"","overlay-color":"","overlay-opacity":"","overlay-gradient":""}},"ast-content-background-meta":{"desktop":{"background-color":"var(--ast-global-color-5)","background-image":"","background-repeat":"repeat","background-position":"center center","background-size":"auto","background-attachment":"scroll","background-type":"","background-media":"","overlay-type":"","overlay-color":"","overlay-opacity":"","overlay-gradient":""},"tablet":{"background-color":"var(--ast-global-color-5)","background-image":"","background-repeat":"repeat","background-position":"center center","background-size":"auto","background-attachment":"scroll","background-type":"","background-media":"","overlay-type":"","overlay-color":"","overlay-opacity":"","overlay-gradient":""},"mobile":{"background-color":"var(--ast-global-color-5)","background-image":"","background-repeat":"repeat","background-position":"center center","background-size":"auto","background-attachment":"scroll","background-type":"","background-media":"","overlay-type":"","overlay-color":"","overlay-opacity":"","overlay-gradient":""}},"_price":"","_stock":"","_tribe_ticket_header":"","_tribe_default_ticket_provider":"","_tribe_ticket_capacity":"0","_ticket_start_date":"","_ticket_end_date":"","_tribe_ticket_show_description":"","_tribe_ticket_show_not_going":false,"_tribe_ticket_use_global_stock":"","_tribe_ticket_global_stock_level":"","_global_stock_mode":"","_global_stock_cap":"","_tribe_rsvp_for_event":"","_tribe_ticket_going_count":"","_tribe_ticket_not_going_count":"","_tribe_tickets_list":"[]","_tribe_ticket_has_attendee_info_fields":false,"footnotes":"","_tec_slr_enabled":"","_tec_slr_layout":""},"class_list":["post-84","page","type-page","status-publish","hentry"],"ticketed":false,"_links":{"self":[{"href":"https:\/\/rot-weiss-kollbachtal.bayern\/index.php?rest_route=\/wp\/v2\/pages\/84","targetHints":{"allow":["GET"]}}],"collection":[{"href":"https:\/\/rot-weiss-kollbachtal.bayern\/index.php?rest_route=\/wp\/v2\/pages"}],"about":[{"href":"https:\/\/rot-weiss-kollbachtal.bayern\/index.php?rest_route=\/wp\/v2\/types\/page"}],"author":[{"embeddable":true,"href":"https:\/\/rot-weiss-kollbachtal.bayern\/index.php?rest_route=\/wp\/v2\/users\/1"}],"replies":[{"embeddable":true,"href":"https:\/\/rot-weiss-kollbachtal.bayern\/index.php?rest_route=%2Fwp%2Fv2%2Fcomments&post=84"}],"version-history":[{"count":4,"href":"https:\/\/rot-weiss-kollbachtal.bayern\/index.php?rest_route=\/wp\/v2\/pages\/84\/revisions"}],"predecessor-version":[{"id":169,"href":"https:\/\/rot-weiss-kollbachtal.bayern\/index.php?rest_route=\/wp\/v2\/pages\/84\/revisions\/169"}],"wp:attachment":[{"href":"https:\/\/rot-weiss-kollbachtal.bayern\/index.php?rest_route=%2Fwp%2Fv2%2Fmedia&parent=84"}],"curies":[{"name":"wp","href":"https:\/\/api.w.org\/{rel}","templated":true}]}}