{"id":131,"date":"2023-09-22T14:08:17","date_gmt":"2023-09-22T14:08:17","guid":{"rendered":"http:\/\/rot-weiss-kollbachtal.bayern\/?page_id=131"},"modified":"2025-08-04T16:48:56","modified_gmt":"2025-08-04T16:48:56","slug":"aktuelle-fahrten","status":"publish","type":"page","link":"http:\/\/rot-weiss-kollbachtal.bayern\/?page_id=131","title":{"rendered":"Aktuelle Fahrten"},"content":{"rendered":"\n<p>F\u00fcr die Bundesligasaison 2025\/2026 haben wir f\u00fcr folgende Heimspiele Karten zugeteilt bekommen. Anmelden kann man sich \u00fcber kollbachtal@web.de oder unter 0170\/5450601.<\/p>\n\n\n\n<p>Preise Busfahrt: Erwachsene 15\u20ac, Erm\u00e4ssigt 10\u20ac<\/p>\n\n\n\n<p>50% Erm\u00e4\u00dfigung f\u00fcr Kinder bis 13 Jahre ,Rentner ab 65 Jahre und Schwerbehinderte (ausgenommen Basketball)<\/p>\n\n\n\n<div class=\"wp-block-group is-layout-constrained wp-block-group-is-layout-constrained\">\n<div class=\"wp-block-columns is-layout-flex wp-container-core-columns-is-layout-28f84493 wp-block-columns-is-layout-flex\">\n<div class=\"wp-block-column is-layout-flow wp-block-column-is-layout-flow\" style=\"flex-basis:100%\">\n<div class=\"wp-block-group is-layout-constrained wp-block-group-is-layout-constrained\">\n<figure class=\"wp-block-table\"><table><tbody><tr><td><strong>Spieltag\/Wochenende<\/strong><\/td><td><strong>Gegner<\/strong><\/td><td><strong>Kartenkontigent<\/strong><\/td><\/tr><tr><td>Freitag, 22.8.2025<br>20:30 Uhr<\/td><td><img decoding=\"async\" width=\"150\" height=\"150\" class=\"wp-image-319\" style=\"width: 150px;\" src=\"http:\/\/rot-weiss-kollbachtal.bayern\/wp-content\/uploads\/2025\/07\/Leipzig.png\" alt=\"\" srcset=\"http:\/\/rot-weiss-kollbachtal.bayern\/wp-content\/uploads\/2025\/07\/Leipzig.png 225w, http:\/\/rot-weiss-kollbachtal.bayern\/wp-content\/uploads\/2025\/07\/Leipzig-100x100.png 100w, http:\/\/rot-weiss-kollbachtal.bayern\/wp-content\/uploads\/2025\/07\/Leipzig-150x150.png 150w\" sizes=\"(max-width: 150px) 100vw, 150px\" \/><\/td><td>Ferienprogramm<br>Fahrt ist bereits ausgebucht. <br>Anfragen auf Warteliste m\u00f6glich!<\/td><\/tr><tr><td>Wochenende 18.10.2025<\/td><td><img decoding=\"async\" width=\"150\" height=\"150\" class=\"wp-image-320\" style=\"width: 150px;\" src=\"http:\/\/rot-weiss-kollbachtal.bayern\/wp-content\/uploads\/2025\/07\/Dortmund.png\" alt=\"\" srcset=\"http:\/\/rot-weiss-kollbachtal.bayern\/wp-content\/uploads\/2025\/07\/Dortmund.png 151w, http:\/\/rot-weiss-kollbachtal.bayern\/wp-content\/uploads\/2025\/07\/Dortmund-100x100.png 100w\" sizes=\"(max-width: 150px) 100vw, 150px\" \/><\/td><td>Ausgebucht! <br>Anfragen auf Warteliste m\u00f6glich!<\/td><\/tr><tr><td>Wochenende 29.11.2025<\/td><td><img decoding=\"async\" width=\"150\" height=\"150\" class=\"wp-image-321\" style=\"width: 150px;\" src=\"http:\/\/rot-weiss-kollbachtal.bayern\/wp-content\/uploads\/2025\/07\/Pauli.png\" alt=\"\"><\/td><td><br>Kategorie 3: 50\u20ac<br>Kategorie 4: 40\u20ac<br>Stehplatz:  Ausgebucht<\/td><\/tr><tr><td>Wochenende 21.02.2026<\/td><td><img loading=\"lazy\" decoding=\"async\" width=\"150\" height=\"150\" class=\"wp-image-322\" style=\"width: 150px;\" src=\"http:\/\/rot-weiss-kollbachtal.bayern\/wp-content\/uploads\/2025\/07\/Frankfurt.png\" alt=\"\"><\/td><td>Ausgebucht!<br>Anfragen auf Warteliste m\u00f6glich!<\/td><\/tr><tr><td>Wochenende 18.04.2026<\/td><td><img loading=\"lazy\" decoding=\"async\" width=\"150\" height=\"150\" class=\"wp-image-323\" style=\"width: 150px;\" src=\"http:\/\/rot-weiss-kollbachtal.bayern\/wp-content\/uploads\/2025\/07\/Stuttgart.png\" alt=\"\"><\/td><td>Kategorie 3: Ausgebucht<br>Kategorie 4: 40\u20ac<br>Stehplatz: 15\u20ac<\/td><\/tr><tr><td><\/td><td><\/td><td><\/td><\/tr><tr><td><\/td><td><\/td><td><\/td><\/tr><tr><td><\/td><td><\/td><td><\/td><\/tr><\/tbody><\/table><\/figure>\n<\/div>\n<\/div>\n<\/div>\n<\/div>\n","protected":false},"excerpt":{"rendered":"<p>F\u00fcr die Bundesligasaison 2025\/2026 haben wir f\u00fcr folgende Heimspiele Karten zugeteilt bekommen. Anmelden kann man sich \u00fcber kollbachtal@web.de oder unter 0170\/5450601. Preise Busfahrt: Erwachsene 15\u20ac, Erm\u00e4ssigt 10\u20ac 50% Erm\u00e4\u00dfigung f\u00fcr [&hellip;]<\/p>\n","protected":false},"author":1,"featured_media":0,"parent":0,"menu_order":0,"comment_status":"closed","ping_status":"closed","template":"","meta":{"site-sidebar-layout":"default","site-content-layout":"","ast-site-content-layout":"default","site-content-style":"default","site-sidebar-style":"default","ast-global-header-display":"","ast-banner-title-visibility":"","ast-main-header-display":"","ast-hfb-above-header-display":"","ast-hfb-below-header-display":"","ast-hfb-mobile-header-display":"","site-post-title":"","ast-breadcrumbs-content":"","ast-featured-img":"","footer-sml-layout":"","ast-disable-related-posts":"","theme-transparent-header-meta":"","adv-header-id-meta":"","stick-header-meta":"","header-above-stick-meta":"","header-main-stick-meta":"","header-below-stick-meta":"","astra-migrate-meta-layouts":"default","ast-page-background-enabled":"default","ast-page-background-meta":{"desktop":{"background-color":"var(--ast-global-color-4)","background-image":"","background-repeat":"repeat","background-position":"center center","background-size":"auto","background-attachment":"scroll","background-type":"","background-media":"","overlay-type":"","overlay-color":"","overlay-opacity":"","overlay-gradient":""},"tablet":{"background-color":"","background-image":"","background-repeat":"repeat","background-position":"center center","background-size":"auto","background-attachment":"scroll","background-type":"","background-media":"","overlay-type":"","overlay-color":"","overlay-opacity":"","overlay-gradient":""},"mobile":{"background-color":"","background-image":"","background-repeat":"repeat","background-position":"center center","background-size":"auto","background-attachment":"scroll","background-type":"","background-media":"","overlay-type":"","overlay-color":"","overlay-opacity":"","overlay-gradient":""}},"ast-content-background-meta":{"desktop":{"background-color":"var(--ast-global-color-5)","background-image":"","background-repeat":"repeat","background-position":"center center","background-size":"auto","background-attachment":"scroll","background-type":"","background-media":"","overlay-type":"","overlay-color":"","overlay-opacity":"","overlay-gradient":""},"tablet":{"background-color":"var(--ast-global-color-5)","background-image":"","background-repeat":"repeat","background-position":"center center","background-size":"auto","background-attachment":"scroll","background-type":"","background-media":"","overlay-type":"","overlay-color":"","overlay-opacity":"","overlay-gradient":""},"mobile":{"background-color":"var(--ast-global-color-5)","background-image":"","background-repeat":"repeat","background-position":"center center","background-size":"auto","background-attachment":"scroll","background-type":"","background-media":"","overlay-type":"","overlay-color":"","overlay-opacity":"","overlay-gradient":""}},"_price":"","_stock":"","_tribe_ticket_header":"","_tribe_default_ticket_provider":"","_tribe_ticket_capacity":"0","_ticket_start_date":"","_ticket_end_date":"","_tribe_ticket_show_description":"","_tribe_ticket_show_not_going":false,"_tribe_ticket_use_global_stock":"","_tribe_ticket_global_stock_level":"","_global_stock_mode":"","_global_stock_cap":"","_tribe_rsvp_for_event":"","_tribe_ticket_going_count":"","_tribe_ticket_not_going_count":"","_tribe_tickets_list":"[]","_tribe_ticket_has_attendee_info_fields":false,"footnotes":"","_tec_slr_enabled":"","_tec_slr_layout":""},"class_list":["post-131","page","type-page","status-publish","hentry"],"ticketed":false,"_links":{"self":[{"href":"http:\/\/rot-weiss-kollbachtal.bayern\/index.php?rest_route=\/wp\/v2\/pages\/131","targetHints":{"allow":["GET"]}}],"collection":[{"href":"http:\/\/rot-weiss-kollbachtal.bayern\/index.php?rest_route=\/wp\/v2\/pages"}],"about":[{"href":"http:\/\/rot-weiss-kollbachtal.bayern\/index.php?rest_route=\/wp\/v2\/types\/page"}],"author":[{"embeddable":true,"href":"http:\/\/rot-weiss-kollbachtal.bayern\/index.php?rest_route=\/wp\/v2\/users\/1"}],"replies":[{"embeddable":true,"href":"http:\/\/rot-weiss-kollbachtal.bayern\/index.php?rest_route=%2Fwp%2Fv2%2Fcomments&post=131"}],"version-history":[{"count":24,"href":"http:\/\/rot-weiss-kollbachtal.bayern\/index.php?rest_route=\/wp\/v2\/pages\/131\/revisions"}],"predecessor-version":[{"id":332,"href":"http:\/\/rot-weiss-kollbachtal.bayern\/index.php?rest_route=\/wp\/v2\/pages\/131\/revisions\/332"}],"wp:attachment":[{"href":"http:\/\/rot-weiss-kollbachtal.bayern\/index.php?rest_route=%2Fwp%2Fv2%2Fmedia&parent=131"}],"curies":[{"name":"wp","href":"https:\/\/api.w.org\/{rel}","templated":true}]}}